{"id":10086,"date":"2023-09-25T15:29:47","date_gmt":"2023-09-25T13:29:47","guid":{"rendered":"https:\/\/www.pensionfelinebretagnecentre.com\/pfbc\/?page_id=10086"},"modified":"2023-12-18T16:44:03","modified_gmt":"2023-12-18T15:44:03","slug":"mentions-legales","status":"publish","type":"page","link":"https:\/\/www.pensionfelinebretagnecentre.com\/pfbc\/?page_id=10086","title":{"rendered":"MENTIONS LEGALES"},"content":{"rendered":"<div>\n<h2 style=\"text-align: center;\"><b>Mentions l\u00e9gales de Pension F\u00e9line Bretagne Centre<\/b><\/h2>\n<h1><b><\/b><a href=\"https:\/\/www.pensionfelinebretagnecentre.com\/\" target=\"_blank\" rel=\"noopener\" data-saferedirecturl=\"https:\/\/www.google.com\/url?q=https:\/\/www.pensionfelinebretagnecentre.com&amp;source=gmail&amp;ust=1695732640590000&amp;usg=AOvVaw1spCIlNXk2L6LqL-CSVE36\">https:\/\/www.<wbr \/>pensionfelinebretagnecentre.<wbr \/>com<\/a><\/h1>\n<h2>Identification et publication<\/h2>\n<p>Ce site est g\u00e9r\u00e9 par LE GOFF Laurence , entreprise individuelle, immatricul\u00e9e \u00e0 St-Brieuc sous le num\u00e9ro 808864722 dont le si\u00e8ge social est 3 La Basse Houssaie 22230 LAURENAN.<\/p>\n<p>H\u00e9bergeur<\/p>\n<p>Le service est propuls\u00e9 par l\u2019entreprise de Philippe Vavernac<\/p>\n<h3>Propri\u00e9t\u00e9 intellectuelle<\/h3>\n<p>Tous les \u00e9l\u00e9ments graphiques, la structure et, plus g\u00e9n\u00e9ralement, le contenu du site\u00a0<a href=\"https:\/\/www.pensionfelinebretagnecentre.com\/\" target=\"_blank\" rel=\"noopener\" data-saferedirecturl=\"https:\/\/www.google.com\/url?q=https:\/\/www.pensionfelinebretagnecentre.com&amp;source=gmail&amp;ust=1695732640590000&amp;usg=AOvVaw1spCIlNXk2L6LqL-CSVE36\">https:\/\/www.<wbr \/>pensionfelinebretagnecentre.<wbr \/>com<\/a>\u00a0sont prot\u00e9g\u00e9s par le droit d\u2019auteur, le droit des marques et le droit des dessins et mod\u00e8les.<\/p>\n<p>Toute personne qui recueille ou t\u00e9l\u00e9charge du contenu ou des\u00a0 informations diffus\u00e9es sur le site ne dispose sur ceux-ci que d\u2019un droit d\u2019usage priv\u00e9, personnel et non transmissible.<\/p>\n<p>La reproduction d\u2019une page du site dans un cadre ext\u00e9rieur \u00e0\u00a0<a href=\"https:\/\/www.pensionfelinebretagnecentre.com\/\" target=\"_blank\" rel=\"noopener\" data-saferedirecturl=\"https:\/\/www.google.com\/url?q=https:\/\/www.pensionfelinebretagnecentre.com\/&amp;source=gmail&amp;ust=1695732640590000&amp;usg=AOvVaw3h9qdpa5-oFA-cbO3vCSN7\">https:\/\/www.<wbr \/>pensionfelinebretagnecentre.<wbr \/>com<\/a>\u00a0<i>\u00a0<\/i>ou l\u2019insertion d\u2019une page appartenant \u00e0\u00a0<a href=\"https:\/\/www.pensionfelinebretagnecentre.com\/\" target=\"_blank\" rel=\"noopener\" data-saferedirecturl=\"https:\/\/www.google.com\/url?q=https:\/\/www.pensionfelinebretagnecentre.com&amp;source=gmail&amp;ust=1695732640591000&amp;usg=AOvVaw1ATFEnP5lFf2F11asLCo68\">https:\/\/www.<wbr \/>pensionfelinebretagnecentre.<wbr \/>com<\/a>\u00a0dans la page d\u2019un autre site est interdite.<\/p>\n<p>De m\u00eame, toute reproduction ou repr\u00e9sentation du site en partie ou en totalit\u00e9 est interdite sans l\u2019accord \u00e9crit de Laurence LE GOFF et constituerait une contrefa\u00e7on sanctionn\u00e9e par les articles L. 335-2 et suivants du Code de la Propri\u00e9t\u00e9 Intellectuelle.<\/p>\n<p>Les textes, graphismes, dessins, logos et photos qui sont diffus\u00e9s sur\u00a0<a href=\"https:\/\/www.pensionfelinebretagnecentre.com\/\" target=\"_blank\" rel=\"noopener\" data-saferedirecturl=\"https:\/\/www.google.com\/url?q=https:\/\/www.pensionfelinebretagnecentre.com&amp;source=gmail&amp;ust=1695732640591000&amp;usg=AOvVaw1ATFEnP5lFf2F11asLCo68\">https:\/\/www.<wbr \/>pensionfelinebretagnecentre.<wbr \/>com<\/a>\u00a0peuvent faire l\u2019objet d\u2019une reproduction sur un support papier ou un support \u00e9lectronique, sous r\u00e9serve de citer le nom et l\u2019adresse du site et de ne pas en faire une utilisation commerciale.<\/p>\n<p>Le non-respect des dispositions ci-dessus est susceptible de constituer une contrefa\u00e7on engageant la responsabilit\u00e9 civile ou p\u00e9nale de l\u2019auteur de la contrefa\u00e7on.<\/p>\n<h2>Collecte et utilisation des donn\u00e9es \u00e0 caract\u00e8re personnel<\/h2>\n<p>La collecte des donn\u00e9es \u00e0 caract\u00e8re personnel pour les prestations propos\u00e9es par le site\u00a0<a href=\"https:\/\/www.pensionfelinebretagnecentre.com\/\" target=\"_blank\" rel=\"noopener\" data-saferedirecturl=\"https:\/\/www.google.com\/url?q=https:\/\/www.pensionfelinebretagnecentre.com\/&amp;source=gmail&amp;ust=1695732640591000&amp;usg=AOvVaw0f4z3KSWpv7i4uT5pS_SEm\">https:\/\/www.<wbr \/>pensionfelinebretagnecentre.<wbr \/>com<\/a>\u00a0ainsi que leur traitement sont effectu\u00e9s dans le respect de la loi \u00ab Informatique, Fichiers et Libert\u00e9s \u00bb du 6 janvier 1978 modifi\u00e9e et ses d\u00e9crets d\u2019application.<\/p>\n<p>La collecte des donn\u00e9es \u00e0 caract\u00e8re personnel concernant les utilisateurs du site\u00a0<a href=\"https:\/\/www.pensionfelinebretagnecentre.com\/\" target=\"_blank\" rel=\"noopener\" data-saferedirecturl=\"https:\/\/www.google.com\/url?q=https:\/\/www.pensionfelinebretagnecentre.com&amp;source=gmail&amp;ust=1695732640591000&amp;usg=AOvVaw1ATFEnP5lFf2F11asLCo68\">https:\/\/www.<wbr \/>pensionfelinebretagnecentre.<wbr \/>com<\/a>\u00a0 a pour finalit\u00e9s principales l\u2019identification des utilisateurs pour la fourniture des services et le bon d\u00e9roulement des commandes de produits (via La Boutique en ligne) propos\u00e9s sur le site.<\/p>\n<p>Les donn\u00e9es r\u00e9colt\u00e9es ne sont jamais transmises \u00e0 des tiers sauf si le client a donn\u00e9 son consentement pr\u00e9alable et ce sous r\u00e9serve que les tiers se soient clairement engag\u00e9s \u00e0 respecter toutes les dispositions de la Loi du 6 janvier 1978 modifi\u00e9e.<\/p>\n<p>En application de la loi, toute personne ayant transmis des donn\u00e9es \u00e0 caract\u00e8re personnel dispose d\u2019un droit d\u2019acc\u00e8s, de rectification et de suppression des donn\u00e9es ainsi que d\u2019un droit d\u2019opposition au traitement des donn\u00e9es \u00e0 caract\u00e8re personnel la concernant.<\/p>\n<p>A tout moment, vous pouvez demander \u00e0 exercer ce droit en contactant\u00a0Laurence LE GOFF<\/p>\n<p>via l\u2019 adresse email\u00a0<a href=\"mailto:contact@chatboutik.com\" target=\"_blank\" rel=\"noopener\">contact@<\/a><a href=\"http:\/\/pensionfelinebretagnecentre.com\/\" target=\"_blank\" rel=\"noopener\" data-saferedirecturl=\"https:\/\/www.google.com\/url?q=http:\/\/pensionfelinebretagnecentre.com&amp;source=gmail&amp;ust=1695732640591000&amp;usg=AOvVaw2REWsQ1Aloo0p_B0ynkB0t\">pensionfelinebre<wbr \/>tagnecentre.com<\/a>\u00a0ou par voie postale au 3 La Basse Houssaie 22230 LAURENAN<\/p>\n<p>L\u2019 acc\u00e8s aux donn\u00e9es personnelles et leur modifications est \u00e9galement accessible via la fonction Mon Compte dans le menu principal en haut de la page d\u2019 accueil du site.<\/p>\n<p>Les visiteurs du site sont inform\u00e9s que pour les besoins de la navigation sur le site\u00a0https\/\/<a href=\"http:\/\/www.pensionfelinebretagne.com\/\" target=\"_blank\" rel=\"noopener\" data-saferedirecturl=\"https:\/\/www.google.com\/url?q=http:\/\/www.pensionfelinebretagne.com&amp;source=gmail&amp;ust=1695732640591000&amp;usg=AOvVaw0L7n0nQT3fP_pkcJ12Aahc\">www.<wbr \/>pensionfelinebretagne.com<\/a>, ce dernier peut avoir recours \u00e0 la collecte automatique de certaines informations relatives aux utilisateurs \u00e0 l\u2019aide des cookies. Si l\u2019utilisateur du site ne souhaite pas l\u2019utilisation de cookies par Pension F\u00e9line Bretagne Centre, il peut refuser l\u2019activation des cookies par le biais des options propos\u00e9es par son navigateur internet. Pour des raisons techniques, si l\u2019utilisateur d\u00e9sactive les cookies dans son navigateur, certaines prestations propos\u00e9es sur le site\u00a0https\/\/<a href=\"http:\/\/www.pensionfelinebretagnecentre.com\/\" target=\"_blank\" rel=\"noopener\" data-saferedirecturl=\"https:\/\/www.google.com\/url?q=http:\/\/www.pensionfelinebretagnecentre.com&amp;source=gmail&amp;ust=1695732640591000&amp;usg=AOvVaw12OfU85cDqD2sTOFiawTGB\">www.<wbr \/>pensionfelinebretagnecentre.<wbr \/>com<\/a>\u00a0 pourront ne pas lui \u00eatre accessibles.<\/p>\n<p>Mentions l\u00e9gales cr\u00e9\u00e9es le 5 f\u00e9vrier 2021<\/p>\n<\/div>\n","protected":false},"excerpt":{"rendered":"<p>Mentions l\u00e9gales de Pension F\u00e9line Bretagne Centre https:\/\/www.pensionfelinebretagnecentre.com Identification et publication Ce site est g\u00e9r\u00e9 par LE GOFF Laurence , entreprise individuelle, immatricul\u00e9e \u00e0 St-Brieuc sous le num\u00e9ro 808864722 dont le si\u00e8ge social est 3 La Basse Houssaie 22230 LAURENAN. H\u00e9bergeur Le service est propuls\u00e9 par l\u2019entreprise de Philippe Vavernac Propri\u00e9t\u00e9 intellectuelle Tous les \u00e9l\u00e9ments [&hellip;]<\/p>\n","protected":false},"author":1,"featured_media":210,"parent":0,"menu_order":0,"comment_status":"closed","ping_status":"closed","template":"","meta":{"footnotes":""},"class_list":["post-10086","page","type-page","status-publish","has-post-thumbnail","hentry"],"jetpack_sharing_enabled":true,"_links":{"self":[{"href":"https:\/\/www.pensionfelinebretagnecentre.com\/pfbc\/index.php?rest_route=\/wp\/v2\/pages\/10086","targetHints":{"allow":["GET"]}}],"collection":[{"href":"https:\/\/www.pensionfelinebretagnecentre.com\/pfbc\/index.php?rest_route=\/wp\/v2\/pages"}],"about":[{"href":"https:\/\/www.pensionfelinebretagnecentre.com\/pfbc\/index.php?rest_route=\/wp\/v2\/types\/page"}],"author":[{"embeddable":true,"href":"https:\/\/www.pensionfelinebretagnecentre.com\/pfbc\/index.php?rest_route=\/wp\/v2\/users\/1"}],"replies":[{"embeddable":true,"href":"https:\/\/www.pensionfelinebretagnecentre.com\/pfbc\/index.php?rest_route=%2Fwp%2Fv2%2Fcomments&post=10086"}],"version-history":[{"count":1,"href":"https:\/\/www.pensionfelinebretagnecentre.com\/pfbc\/index.php?rest_route=\/wp\/v2\/pages\/10086\/revisions"}],"predecessor-version":[{"id":10087,"href":"https:\/\/www.pensionfelinebretagnecentre.com\/pfbc\/index.php?rest_route=\/wp\/v2\/pages\/10086\/revisions\/10087"}],"wp:featuredmedia":[{"embeddable":true,"href":"https:\/\/www.pensionfelinebretagnecentre.com\/pfbc\/index.php?rest_route=\/wp\/v2\/media\/210"}],"wp:attachment":[{"href":"https:\/\/www.pensionfelinebretagnecentre.com\/pfbc\/index.php?rest_route=%2Fwp%2Fv2%2Fmedia&parent=10086"}],"curies":[{"name":"wp","href":"https:\/\/api.w.org\/{rel}","templated":true}]}}