{"id":10048,"date":"2023-09-25T11:54:29","date_gmt":"2023-09-25T09:54:29","guid":{"rendered":"https:\/\/www.pensionfelinebretagnecentre.com\/pfbc\/?page_id=10048"},"modified":"2026-01-06T16:45:10","modified_gmt":"2026-01-06T15:45:10","slug":"promenades-petits-et-moyens-chiens","status":"publish","type":"page","link":"https:\/\/www.pensionfelinebretagnecentre.com\/pfbc\/?page_id=10048","title":{"rendered":"Promenades petits et moyens chiens"},"content":{"rendered":"<h2 style=\"text-align: center;\">Promenades de<\/h2>\n<h2 style=\"text-align: center;\">petits et moyens chiens<\/h2>\n<p>Certains \u00e9v\u00e9nements ponctuels ou permanents ( immobilisation, d\u00e9placement professionnel, hospitalisation, handicap, absence en journ\u00e9e&#8230;) vous emp\u00eachent de promener votre chien quotidiennement.<\/p>\n<p>Or les sorties de votre chien sont primordiales pour ses besoins d&rsquo; une part, mais \u00e9galement pour explorer, renifler, rencontrer des copains&#8230;<\/p>\n<p>Ce sont tout simplement des actes essentiels au bonheur de votre chien.<\/p>\n<p>Ainsi nous vous proposons un service de sortie-promenade exclusivement.<\/p>\n<p>C&rsquo; est vous qui nourrissez votre animal et le soignez, nous ne venons que pour la balade.<\/p>\n<p>C&rsquo; est vous qui choisissez la dur\u00e9e de la promenade ainsi que son trajet.<\/p>\n<p>Nous vous demandons juste de nous fournir une laisse adapt\u00e9e \u00e0 la taille de votre chien.<\/p>\n<p>(une visite pr\u00e9alable est n\u00e9cessaire pour faire connaissance avec votre animal et envisager les promenades)<\/p>\n<h2 style=\"text-align: center;\">Tarifs promenades<\/h2>\n<h2 style=\"text-align: center;\">petits et moyens chiens<\/h2>\n<p>Certains \u00e9v\u00e9nements ponctuels ou permanents ( immobilisation, d\u00e9placement professionnel, hospitalisation, handicap, absence en journ\u00e9e&#8230;) vous emp\u00eachent<\/p>\n<p>Diff\u00e9rents forfaits selon distance entre la pension et votre domicile :<\/p>\n<ul>\n<li>17 \u20ac par promenade de 20 mn jusqu\u2019 \u00e0 5 kms<\/li>\n<li>20 \u20ac par promenade de 20 mn entre 5 et 10 kms<\/li>\n<li>23 \u20ac par promenade de 20 mn entre 10 et 15 kms<\/li>\n<li>26 \u20ac par promenade de 20 mn entre 15 et 20 kms<\/li>\n<li>+ 6 \u20ac par promenade les dimanches et jours f\u00e9ri\u00e9s<\/li>\n<li>+ 3 \u20ac par tranche de 5 kms suppl\u00e9mentaires<\/li>\n<li>+ 5 \u20ac par tranche de 10 mn suppl\u00e9mentaires<\/li>\n<\/ul>\n<p>+ 5 \u20ac par tranche de 10 mn suppl\u00e9mentaires<\/p>\n<p>+ 3 \u20ac par tranche de 5 kms suppl\u00e9mentaires<\/p>\n","protected":false},"excerpt":{"rendered":"<p>Promenades de petits et moyens chiens Certains \u00e9v\u00e9nements ponctuels ou permanents ( immobilisation, d\u00e9placement professionnel, hospitalisation, handicap, absence en journ\u00e9e&#8230;) vous emp\u00eachent de promener votre chien quotidiennement. Or les sorties de votre chien sont primordiales pour ses besoins d&rsquo; une part, mais \u00e9galement pour explorer, renifler, rencontrer des copains&#8230; Ce sont tout simplement des actes [&hellip;]<\/p>\n","protected":false},"author":1,"featured_media":3539,"parent":0,"menu_order":0,"comment_status":"closed","ping_status":"closed","template":"","meta":{"footnotes":""},"class_list":["post-10048","page","type-page","status-publish","has-post-thumbnail","hentry"],"jetpack_sharing_enabled":true,"_links":{"self":[{"href":"https:\/\/www.pensionfelinebretagnecentre.com\/pfbc\/index.php?rest_route=\/wp\/v2\/pages\/10048","targetHints":{"allow":["GET"]}}],"collection":[{"href":"https:\/\/www.pensionfelinebretagnecentre.com\/pfbc\/index.php?rest_route=\/wp\/v2\/pages"}],"about":[{"href":"https:\/\/www.pensionfelinebretagnecentre.com\/pfbc\/index.php?rest_route=\/wp\/v2\/types\/page"}],"author":[{"embeddable":true,"href":"https:\/\/www.pensionfelinebretagnecentre.com\/pfbc\/index.php?rest_route=\/wp\/v2\/users\/1"}],"replies":[{"embeddable":true,"href":"https:\/\/www.pensionfelinebretagnecentre.com\/pfbc\/index.php?rest_route=%2Fwp%2Fv2%2Fcomments&post=10048"}],"version-history":[{"count":5,"href":"https:\/\/www.pensionfelinebretagnecentre.com\/pfbc\/index.php?rest_route=\/wp\/v2\/pages\/10048\/revisions"}],"predecessor-version":[{"id":11479,"href":"https:\/\/www.pensionfelinebretagnecentre.com\/pfbc\/index.php?rest_route=\/wp\/v2\/pages\/10048\/revisions\/11479"}],"wp:featuredmedia":[{"embeddable":true,"href":"https:\/\/www.pensionfelinebretagnecentre.com\/pfbc\/index.php?rest_route=\/wp\/v2\/media\/3539"}],"wp:attachment":[{"href":"https:\/\/www.pensionfelinebretagnecentre.com\/pfbc\/index.php?rest_route=%2Fwp%2Fv2%2Fmedia&parent=10048"}],"curies":[{"name":"wp","href":"https:\/\/api.w.org\/{rel}","templated":true}]}}